{"id":228,"date":"2021-04-23T15:57:20","date_gmt":"2021-04-23T15:57:20","guid":{"rendered":"https:\/\/geeklabpy.com\/consejo\/?page_id=228"},"modified":"2021-05-12T18:50:20","modified_gmt":"2021-05-12T18:50:20","slug":"el-ente","status":"publish","type":"page","link":"https:\/\/geeklabpy.com\/consejo\/el-ente\/","title":{"rendered":"El Ente"},"content":{"rendered":"\t\t<div data-elementor-type=\"wp-page\" data-elementor-id=\"228\" class=\"elementor elementor-228\" data-elementor-settings=\"[]\">\n\t\t\t\t\t\t\t<div class=\"elementor-section-wrap\">\n\t\t\t\t\t\t\t<section class=\"has_eae_slider elementor-section elementor-top-section elementor-element elementor-element-cb96844 elementor-section-full_width elementor-section-stretched elementor-section-height-default elementor-section-height-default\" data-id=\"cb96844\" data-element_type=\"section\" data-settings=\"{&quot;stretch_section&quot;:&quot;section-stretched&quot;}\">\n\t\t\t\t\t\t<div class=\"elementor-container elementor-column-gap-no\">\n\t\t\t\t\t<div class=\"has_eae_slider elementor-column elementor-col-100 elementor-top-column elementor-element elementor-element-d7bccc5\" data-id=\"d7bccc5\" data-element_type=\"column\">\n\t\t\t<div class=\"elementor-widget-wrap elementor-element-populated\">\n\t\t\t\t\t\t\t\t<div class=\"elementor-element elementor-element-a1b1957 elementor-widget elementor-widget-image\" data-id=\"a1b1957\" data-element_type=\"widget\" data-widget_type=\"image.default\">\n\t\t\t\t<div class=\"elementor-widget-container\">\n\t\t\t\t\t\t\t\t\t\t\t\t\t\t\t<img loading=\"lazy\" decoding=\"async\" width=\"1800\" height=\"600\" src=\"https:\/\/geeklabpy.com\/consejo\/wp-content\/uploads\/2021\/05\/el-ente.jpg\" class=\"attachment-full size-full\" alt=\"\" srcset=\"https:\/\/geeklabpy.com\/consejo\/wp-content\/uploads\/2021\/05\/el-ente.jpg 1800w, https:\/\/geeklabpy.com\/consejo\/wp-content\/uploads\/2021\/05\/el-ente-300x100.jpg 300w, https:\/\/geeklabpy.com\/consejo\/wp-content\/uploads\/2021\/05\/el-ente-1024x341.jpg 1024w, https:\/\/geeklabpy.com\/consejo\/wp-content\/uploads\/2021\/05\/el-ente-768x256.jpg 768w, https:\/\/geeklabpy.com\/consejo\/wp-content\/uploads\/2021\/05\/el-ente-1536x512.jpg 1536w\" sizes=\"auto, (max-width: 1800px) 100vw, 1800px\" \/>\t\t\t\t\t\t\t\t\t\t\t\t\t\t\t<\/div>\n\t\t\t\t<\/div>\n\t\t\t\t\t<\/div>\n\t\t<\/div>\n\t\t\t\t\t\t\t<\/div>\n\t\t<\/section>\n\t\t\t\t<section class=\"has_eae_slider elementor-section elementor-top-section elementor-element elementor-element-72d54be elementor-section-boxed elementor-section-height-default elementor-section-height-default\" data-id=\"72d54be\" data-element_type=\"section\">\n\t\t\t\t\t\t<div class=\"elementor-container elementor-column-gap-default\">\n\t\t\t\t\t<div class=\"has_eae_slider elementor-column elementor-col-100 elementor-top-column elementor-element elementor-element-3556f61\" data-id=\"3556f61\" data-element_type=\"column\">\n\t\t\t<div class=\"elementor-widget-wrap elementor-element-populated\">\n\t\t\t\t\t\t\t\t<div class=\"elementor-element elementor-element-c196ab0 elementor-tabs-view-vertical elementor-widget elementor-widget-tabs\" data-id=\"c196ab0\" data-element_type=\"widget\" data-widget_type=\"tabs.default\">\n\t\t\t\t<div class=\"elementor-widget-container\">\n\t\t\t\t\t<div class=\"elementor-tabs\">\n\t\t\t<div class=\"elementor-tabs-wrapper\" role=\"tablist\" >\n\t\t\t\t\t\t\t\t\t<div id=\"elementor-tab-title-2021\" class=\"elementor-tab-title elementor-tab-desktop-title\" aria-selected=\"true\" data-tab=\"1\" role=\"tab\" tabindex=\"0\" aria-controls=\"elementor-tab-content-2021\" aria-expanded=\"false\">Institucional<\/div>\n\t\t\t\t\t\t\t\t\t<div id=\"elementor-tab-title-2022\" class=\"elementor-tab-title elementor-tab-desktop-title\" aria-selected=\"false\" data-tab=\"2\" role=\"tab\" tabindex=\"-1\" aria-controls=\"elementor-tab-content-2022\" aria-expanded=\"false\">S\u00edmbolo<\/div>\n\t\t\t\t\t\t\t\t\t<div id=\"elementor-tab-title-2023\" class=\"elementor-tab-title elementor-tab-desktop-title\" aria-selected=\"false\" data-tab=\"3\" role=\"tab\" tabindex=\"-1\" aria-controls=\"elementor-tab-content-2023\" aria-expanded=\"false\">Estatutos<\/div>\n\t\t\t\t\t\t\t<\/div>\n\t\t\t<div class=\"elementor-tabs-content-wrapper\" role=\"tablist\" aria-orientation=\"vertical\">\n\t\t\t\t\t\t\t\t\t<div class=\"elementor-tab-title elementor-tab-mobile-title\" aria-selected=\"true\" data-tab=\"1\" role=\"tab\" tabindex=\"0\" aria-controls=\"elementor-tab-content-2021\" aria-expanded=\"false\">Institucional<\/div>\n\t\t\t\t\t<div id=\"elementor-tab-content-2021\" class=\"elementor-tab-content elementor-clearfix\" data-tab=\"1\" role=\"tabpanel\" aria-labelledby=\"elementor-tab-title-2021\" tabindex=\"0\" hidden=\"false\"><h2 style=\"margin-bottom: 10px; font-style: normal; font-size: 20px; font-family: Georgia, &quot;Times New Roman&quot;, Times, serif; color: rgb(51, 51, 51);\">Institucional<\/h2><h3><p style=\"margin-bottom: 10px; font-style: normal; font-size: 12px; font-family: Arial, Helvetica, sans-serif; color: rgb(51, 51, 51); line-height: 1.5; font-weight: 400; text-align: justify;\"><span style=\"font-size: 12px; font-family: arial, helvetica, sans-serif;\"><span style=\"font-size: small; font-family: Arial, Helvetica, sans-serif;\">El Consejo de Contadores P\u00fablicos del Paraguay, en adelante indistintamente Consejo, fue fundado el 10 de marzo de 2005, es una asociaci\u00f3n sin fines de lucro, con capacidad restringida, creada para la consecuci\u00f3n de los objetivos que se especifican en sus estatutos, teniendo como fines fundamentales:<\/span><\/span><\/p><blockquote style=\"margin: 10px 0px 30px 20px; padding-left: 15px; border-left: 3px solid rgb(204, 204, 204); font-style: normal; font-variant-numeric: normal; font-variant-east-asian: normal; font-stretch: normal; font-size: 14px; line-height: 22px; font-family: &quot;bold helvetica&quot;, sans-serif; color: rgb(79, 143, 181); min-height: 1%; text-align: justify;\"><p style=\"margin-bottom: 10px; font-size: 12px; font-family: Arial, Helvetica, sans-serif; color: rgb(51, 51, 51); line-height: 1.5;\"><span style=\"font-size: 12px; font-family: arial, helvetica, sans-serif;\"><span style=\"font-size: small; font-family: Arial, Helvetica, sans-serif;\">a) Reglamentar el ejercicio profesional de los Contadores P\u00fablicos o profesionales con t\u00edtulos equivalentes obtenidos en universidades creadas conforme a las leyes o revalidados en la Rep\u00fablica; que sean matriculados al Consejo.<br><br>b) Impulsar la creaci\u00f3n de un Instituto Superior para la formaci\u00f3n continuada de sus matriculados, conforme a las reglamentaciones que dicte el Consejo.<br><br>c) Efectuar el proceso de control de calidad del ejercicio de la pr\u00e1ctica profesional de sus matriculados.<br><br>d) Lograr la superaci\u00f3n y formaci\u00f3n integral del Contador P\u00fablico, mediante la reglamentaci\u00f3n del ejercicio profesional, el impulso a la formaci\u00f3n continuada y el proceso peri\u00f3dico del control de calidad, entre otros objetivos.<\/span><\/span><\/p><\/blockquote><p style=\"margin-bottom: 10px; font-style: normal; font-size: 12px; font-family: Arial, Helvetica, sans-serif; color: rgb(51, 51, 51); line-height: 1.5; font-weight: 400; text-align: justify;\"><span style=\"font-size: 12px; font-family: arial, helvetica, sans-serif;\"><span style=\"font-size: small; font-family: Arial, Helvetica, sans-serif;\">Est\u00e1 integrado por referentes muy representativos de la pr\u00e1ctica activa de la profesi\u00f3n, como ser: socios de los m\u00e1s importantes estudios de auditor\u00eda y contabilidad del pa\u00eds, contadores independientes, contadores del sector p\u00fablico y de importantes empresas del sector privado.<\/span><\/span><\/p><\/h3><h3 style=\"margin-bottom: 10px; font-style: normal; font-size: 16px; font-family: Georgia, &quot;Times New Roman&quot;, Times, serif; color: rgb(51, 51, 51); text-align: justify;\"><span style=\"font-size: 16px; font-family: arial, helvetica, sans-serif;\"><span style=\"font-size: small; font-family: Arial, Helvetica, sans-serif;\">VISI\u00d3N<\/span><\/span><\/h3><h3><p style=\"margin-bottom: 10px; font-style: normal; font-size: 12px; font-family: Arial, Helvetica, sans-serif; color: rgb(51, 51, 51); line-height: 1.5; font-weight: 400; text-align: justify;\"><span style=\"font-size: 12px; font-family: arial, helvetica, sans-serif;\"><span style=\"font-size: small; font-family: Arial, Helvetica, sans-serif;\">El Consejo de Contadores P\u00fablicos del Paraguay se propone constituirse en el \u00f3rgano rector de la contadur\u00eda p\u00fablica en el Paraguay.<\/span><\/span><\/p><\/h3><h3 style=\"margin-bottom: 10px; font-style: normal; font-size: 16px; font-family: Georgia, &quot;Times New Roman&quot;, Times, serif; color: rgb(51, 51, 51); text-align: justify;\"><span style=\"font-size: 16px; font-family: arial, helvetica, sans-serif;\"><span style=\"font-size: small; font-family: Arial, Helvetica, sans-serif;\">MISI\u00d3N<\/span><\/span><\/h3><h3><p style=\"margin-bottom: 10px; font-style: normal; font-size: 12px; font-family: Arial, Helvetica, sans-serif; color: rgb(51, 51, 51); line-height: 1.5; font-weight: 400; text-align: justify;\"><span style=\"font-size: 12px; font-family: arial, helvetica, sans-serif;\"><span style=\"font-size: small; font-family: Arial, Helvetica, sans-serif;\">El Consejo pretende lograr la superaci\u00f3n y formaci\u00f3n integral del Contador P\u00fablico, mediante la reglamentaci\u00f3n del ejercicio profesional, el impulso a la formaci\u00f3n continuada, el proceso peri\u00f3dico del control de calidad, nace para certificar la calidad del servicio profesional de sus matriculados de modo a ofrecer asistencia t\u00e9cnica acorde con los m\u00e1s altos est\u00e1ndares observados a nivel internacional y as\u00ed alcanzar una profesi\u00f3n fuerte y coherente, que cumpla con su responsabilidad ante la sociedad dentro de un sincero intercambio y fraternal convivencia.<\/span><\/span><\/p><\/h3><h3 style=\"margin-bottom: 10px; font-style: normal; font-size: 16px; font-family: Georgia, &quot;Times New Roman&quot;, Times, serif; color: rgb(51, 51, 51); text-align: justify;\"><span style=\"font-size: 16px; font-family: arial, helvetica, sans-serif;\"><span style=\"font-size: small; font-family: Arial, Helvetica, sans-serif;\">OBJETIVOS<\/span><\/span><\/h3><h3><p style=\"margin-bottom: 10px; font-style: normal; font-size: 12px; font-family: Arial, Helvetica, sans-serif; color: rgb(51, 51, 51); line-height: 1.5; font-weight: 400; text-align: justify;\"><span style=\"font-size: 12px; font-family: arial, helvetica, sans-serif;\"><span style=\"font-size: small; font-family: Arial, Helvetica, sans-serif;\">Para lograr su misi\u00f3n ha adoptado los siguientes objetivos:<\/span><\/span><\/p><ul style=\"margin-bottom: 10px; margin-left: 30px; font-style: normal; font-size: 12px; font-family: Arial, Helvetica, sans-serif; color: rgb(51, 51, 51); line-height: 1.5; font-weight: 400; text-align: justify;\"><li style=\"margin-bottom: 10px; font-size: 12px; font-family: Arial, Helvetica, sans-serif; line-height: 1.5;\"><span style=\"font-size: 12px; font-family: arial, helvetica, sans-serif;\"><span style=\"font-size: small; font-family: Arial, Helvetica, sans-serif;\">Impulsar una profesi\u00f3n fuerte y coherente que permita proveer servicios de la m\u00e1s alta calidad a la sociedad y a los usuarios;<\/span><\/span><\/li><li style=\"margin-bottom: 10px; font-size: 12px; font-family: Arial, Helvetica, sans-serif; line-height: 1.5;\"><span style=\"font-size: 12px; font-family: arial, helvetica, sans-serif;\"><span style=\"font-size: small; font-family: Arial, Helvetica, sans-serif;\">Fomentar el desarrollo profesional integral de los Contadores;<\/span><\/span><\/li><li style=\"margin-bottom: 10px; font-size: 12px; font-family: Arial, Helvetica, sans-serif; line-height: 1.5;\"><span style=\"font-size: 12px; font-family: arial, helvetica, sans-serif;\"><span style=\"font-size: small; font-family: Arial, Helvetica, sans-serif;\">Estimular la superaci\u00f3n del nivel acad\u00e9mico en la formaci\u00f3n del contador;<\/span><\/span><\/li><li style=\"margin-bottom: 10px; font-size: 12px; font-family: Arial, Helvetica, sans-serif; line-height: 1.5;\"><span style=\"font-size: 12px; font-family: arial, helvetica, sans-serif;\"><span style=\"font-size: small; font-family: Arial, Helvetica, sans-serif;\">Elevar constantemente la formaci\u00f3n profesional a base de calidad y mantenimiento de las m\u00e1s altas normas de conducta y de los conocimientos propios de la profesi\u00f3n;<\/span><\/span><\/li><li style=\"margin-bottom: 10px; font-size: 12px; font-family: Arial, Helvetica, sans-serif; line-height: 1.5;\"><span style=\"font-size: 12px; font-family: arial, helvetica, sans-serif;\"><span style=\"font-size: small; font-family: Arial, Helvetica, sans-serif;\">Difundir ante la sociedad los principios y valores \u00e9ticos de la profesi\u00f3n;<\/span><\/span><\/li><li style=\"margin-bottom: 10px; font-size: 12px; font-family: Arial, Helvetica, sans-serif; line-height: 1.5;\"><span style=\"font-size: 12px; font-family: arial, helvetica, sans-serif;\"><span style=\"font-size: small; font-family: Arial, Helvetica, sans-serif;\">Fomentar la superaci\u00f3n profesional del contador p\u00fablico proporcion\u00e1ndole la oportunidad de mantenerse actualizado y continuar eficazmente su preparaci\u00f3n en los terrenos acad\u00e9micos y pr\u00e1cticos, a trav\u00e9s de programas de educaci\u00f3n continuada;<\/span><\/span><\/li><li style=\"margin-bottom: 10px; font-size: 12px; font-family: Arial, Helvetica, sans-serif; line-height: 1.5;\"><span style=\"font-size: 12px; font-family: arial, helvetica, sans-serif;\"><span style=\"font-size: small; font-family: Arial, Helvetica, sans-serif;\">Ampliar la colaboraci\u00f3n con instituciones educativas y educadores en el \u00e1rea contable;<\/span><\/span><\/li><li style=\"margin-bottom: 10px; font-size: 12px; font-family: Arial, Helvetica, sans-serif; line-height: 1.5;\"><span style=\"font-size: 12px; font-family: arial, helvetica, sans-serif;\"><span style=\"font-size: small; font-family: Arial, Helvetica, sans-serif;\">Patrocinar estudios, cursos, conferencias y proyectos de investigaci\u00f3n que mejoren la calidad de la informaci\u00f3n de los contadores p\u00fablicos;<\/span><\/span><\/li><li style=\"margin-bottom: 10px; font-size: 12px; font-family: Arial, Helvetica, sans-serif; line-height: 1.5;\"><span style=\"font-size: 12px; font-family: arial, helvetica, sans-serif;\"><span style=\"font-size: small; font-family: Arial, Helvetica, sans-serif;\">Difundir libros y material t\u00e9cnico y profesional y tecnolog\u00eda de avanzada para ayudar a mejorar la profesi\u00f3n;<\/span><\/span><\/li><li style=\"margin-bottom: 10px; font-size: 12px; font-family: Arial, Helvetica, sans-serif; line-height: 1.5;\"><span style=\"font-size: 12px; font-family: arial, helvetica, sans-serif;\"><span style=\"font-size: small; font-family: Arial, Helvetica, sans-serif;\">Auxiliar al contador a mantenerse actualizado divulgando en los \u00f3rganos de difusi\u00f3n, comentarios t\u00e9cnicos, noticias, art\u00edculos e informaciones de inter\u00e9s para la profesi\u00f3n;<\/span><\/span><\/li><li style=\"margin-bottom: 10px; font-size: 12px; font-family: Arial, Helvetica, sans-serif; line-height: 1.5;\"><span style=\"font-size: 12px; font-family: arial, helvetica, sans-serif;\"><span style=\"font-size: small; font-family: Arial, Helvetica, sans-serif;\">Emitir normas profesionales, principalmente de auditor\u00eda y de informaci\u00f3n financiera; as\u00ed como la emisi\u00f3n de un c\u00f3digo de \u00e9tica.<\/span><\/span><\/li><li style=\"margin-bottom: 10px; font-size: 12px; font-family: Arial, Helvetica, sans-serif; line-height: 1.5;\"><span style=\"font-size: 12px; font-family: arial, helvetica, sans-serif;\"><span style=\"font-size: small; font-family: Arial, Helvetica, sans-serif;\">Promover la imagen y los logros de nuestra profesi\u00f3n en los medios de comunicaci\u00f3n;<\/span><\/span><\/li><li style=\"margin-bottom: 10px; font-size: 12px; font-family: Arial, Helvetica, sans-serif; line-height: 1.5;\"><span style=\"font-size: 12px; font-family: arial, helvetica, sans-serif;\"><span style=\"font-size: small; font-family: Arial, Helvetica, sans-serif;\">Dar a conocer los objetivos y logros de nuestra profesi\u00f3n a trav\u00e9s de conferencias y reuniones con otros organismos empresariales y gubernamentales, cuando se pueda lograr un efecto importante y favorable sobre la imagen de la profesi\u00f3n;<\/span><\/span><\/li><li style=\"margin-bottom: 10px; font-size: 12px; font-family: Arial, Helvetica, sans-serif; line-height: 1.5; text-align: justify;\"><span style=\"font-size: 12px; font-family: arial, helvetica, sans-serif;\"><span style=\"font-size: small; font-family: Arial, Helvetica, sans-serif;\">Dar a conocer en la comunidad los servicios del contador y su utilizaci\u00f3n racional por parte de los hombres de empresa y del sector p\u00fablico y otros usuarios de nuestros servicios.<\/span><\/span><\/li><\/ul><\/h3><\/div>\n\t\t\t\t\t\t\t\t\t<div class=\"elementor-tab-title elementor-tab-mobile-title\" aria-selected=\"false\" data-tab=\"2\" role=\"tab\" tabindex=\"-1\" aria-controls=\"elementor-tab-content-2022\" aria-expanded=\"false\">S\u00edmbolo<\/div>\n\t\t\t\t\t<div id=\"elementor-tab-content-2022\" class=\"elementor-tab-content elementor-clearfix\" data-tab=\"2\" role=\"tabpanel\" aria-labelledby=\"elementor-tab-title-2022\" tabindex=\"0\" hidden=\"hidden\"><p><img loading=\"lazy\" decoding=\"async\" class=\"alignleft wp-image-230 size-full\" src=\"https:\/\/geeklabpy.com\/consejo\/wp-content\/uploads\/2021\/04\/g.simbolo.gif\" alt=\"\" width=\"500\" height=\"381\" \/><\/p><\/div>\n\t\t\t\t\t\t\t\t\t<div class=\"elementor-tab-title elementor-tab-mobile-title\" aria-selected=\"false\" data-tab=\"3\" role=\"tab\" tabindex=\"-1\" aria-controls=\"elementor-tab-content-2023\" aria-expanded=\"false\">Estatutos<\/div>\n\t\t\t\t\t<div id=\"elementor-tab-content-2023\" class=\"elementor-tab-content elementor-clearfix\" data-tab=\"3\" role=\"tabpanel\" aria-labelledby=\"elementor-tab-title-2023\" tabindex=\"0\" hidden=\"hidden\"><p><b>Descargar Estatutos.<\/b><\/p><\/div>\n\t\t\t\t\t\t\t<\/div>\n\t\t<\/div>\n\t\t\t\t<\/div>\n\t\t\t\t<\/div>\n\t\t\t\t\t<\/div>\n\t\t<\/div>\n\t\t\t\t\t\t\t<\/div>\n\t\t<\/section>\n\t\t\t\t\t\t<\/div>\n\t\t\t\t\t<\/div>\n\t\t","protected":false},"excerpt":{"rendered":"<p>Institucional S\u00edmbolo Estatutos Institucional Institucional El Consejo de Contadores P\u00fablicos del Paraguay, en adelante indistintamente Consejo, fue fundado el 10 [&hellip;]<\/p>\n","protected":false},"author":1,"featured_media":0,"parent":0,"menu_order":0,"comment_status":"closed","ping_status":"closed","template":"","meta":{"footnotes":""},"class_list":["post-228","page","type-page","status-publish","hentry"],"_links":{"self":[{"href":"https:\/\/geeklabpy.com\/consejo\/wp-json\/wp\/v2\/pages\/228","targetHints":{"allow":["GET"]}}],"collection":[{"href":"https:\/\/geeklabpy.com\/consejo\/wp-json\/wp\/v2\/pages"}],"about":[{"href":"https:\/\/geeklabpy.com\/consejo\/wp-json\/wp\/v2\/types\/page"}],"author":[{"embeddable":true,"href":"https:\/\/geeklabpy.com\/consejo\/wp-json\/wp\/v2\/users\/1"}],"replies":[{"embeddable":true,"href":"https:\/\/geeklabpy.com\/consejo\/wp-json\/wp\/v2\/comments?post=228"}],"version-history":[{"count":10,"href":"https:\/\/geeklabpy.com\/consejo\/wp-json\/wp\/v2\/pages\/228\/revisions"}],"predecessor-version":[{"id":429,"href":"https:\/\/geeklabpy.com\/consejo\/wp-json\/wp\/v2\/pages\/228\/revisions\/429"}],"wp:attachment":[{"href":"https:\/\/geeklabpy.com\/consejo\/wp-json\/wp\/v2\/media?parent=228"}],"curies":[{"name":"wp","href":"https:\/\/api.w.org\/{rel}","templated":true}]}}