{"id":235,"date":"2021-04-26T15:06:30","date_gmt":"2021-04-26T15:06:30","guid":{"rendered":"https:\/\/geeklabpy.com\/consejo\/?page_id=235"},"modified":"2021-05-12T18:57:37","modified_gmt":"2021-05-12T18:57:37","slug":"plan-estrategico","status":"publish","type":"page","link":"https:\/\/geeklabpy.com\/consejo\/plan-estrategico\/","title":{"rendered":"Plan Estrat\u00e9gico"},"content":{"rendered":"\t\t<div data-elementor-type=\"wp-page\" data-elementor-id=\"235\" class=\"elementor elementor-235\" data-elementor-settings=\"[]\">\n\t\t\t\t\t\t\t<div class=\"elementor-section-wrap\">\n\t\t\t\t\t\t\t<section class=\"has_eae_slider elementor-section elementor-top-section elementor-element elementor-element-6d55f62 elementor-section-full_width elementor-section-stretched elementor-section-height-default elementor-section-height-default\" data-id=\"6d55f62\" data-element_type=\"section\" data-settings=\"{&quot;stretch_section&quot;:&quot;section-stretched&quot;}\">\n\t\t\t\t\t\t<div class=\"elementor-container elementor-column-gap-default\">\n\t\t\t\t\t<div class=\"has_eae_slider elementor-column elementor-col-100 elementor-top-column elementor-element elementor-element-e9aab8b\" data-id=\"e9aab8b\" data-element_type=\"column\">\n\t\t\t<div class=\"elementor-widget-wrap elementor-element-populated\">\n\t\t\t\t\t\t\t\t<div class=\"elementor-element elementor-element-a962205 elementor-widget elementor-widget-image\" data-id=\"a962205\" data-element_type=\"widget\" data-widget_type=\"image.default\">\n\t\t\t\t<div class=\"elementor-widget-container\">\n\t\t\t\t\t\t\t\t\t\t\t\t\t\t\t<img loading=\"lazy\" decoding=\"async\" width=\"1800\" height=\"600\" src=\"https:\/\/geeklabpy.com\/consejo\/wp-content\/uploads\/2021\/05\/planificacion.jpg\" class=\"attachment-full size-full\" alt=\"\" srcset=\"https:\/\/geeklabpy.com\/consejo\/wp-content\/uploads\/2021\/05\/planificacion.jpg 1800w, https:\/\/geeklabpy.com\/consejo\/wp-content\/uploads\/2021\/05\/planificacion-300x100.jpg 300w, https:\/\/geeklabpy.com\/consejo\/wp-content\/uploads\/2021\/05\/planificacion-1024x341.jpg 1024w, https:\/\/geeklabpy.com\/consejo\/wp-content\/uploads\/2021\/05\/planificacion-768x256.jpg 768w, https:\/\/geeklabpy.com\/consejo\/wp-content\/uploads\/2021\/05\/planificacion-1536x512.jpg 1536w\" sizes=\"auto, (max-width: 1800px) 100vw, 1800px\" \/>\t\t\t\t\t\t\t\t\t\t\t\t\t\t\t<\/div>\n\t\t\t\t<\/div>\n\t\t\t\t\t<\/div>\n\t\t<\/div>\n\t\t\t\t\t\t\t<\/div>\n\t\t<\/section>\n\t\t\t\t<section class=\"has_eae_slider elementor-section elementor-top-section elementor-element elementor-element-cabdbac elementor-section-boxed elementor-section-height-default elementor-section-height-default\" data-id=\"cabdbac\" data-element_type=\"section\">\n\t\t\t\t\t\t<div class=\"elementor-container elementor-column-gap-default\">\n\t\t\t\t\t<div class=\"has_eae_slider elementor-column elementor-col-100 elementor-top-column elementor-element elementor-element-f3bc87b\" data-id=\"f3bc87b\" data-element_type=\"column\">\n\t\t\t<div class=\"elementor-widget-wrap elementor-element-populated\">\n\t\t\t\t\t\t\t\t<div class=\"elementor-element elementor-element-c221c5f elementor-widget elementor-widget-text-editor\" data-id=\"c221c5f\" data-element_type=\"widget\" data-widget_type=\"text-editor.default\">\n\t\t\t\t<div class=\"elementor-widget-container\">\n\t\t\t\t\t\t\t<h3>PLAN ESTRAT\u00c9GICO A\u00d1OS 2007 &#8211; 2011<\/h3><p>\u00a0<\/p><h4>Objetivos para el corto y mediano plazo<\/h4><ul><li>Instrumentar un sistema que permita un control adecuado y transparente de la emisi\u00f3n y posterior renovaci\u00f3n anual de las matr\u00edculas. Deber\u00eda contemplarse igualmente un mecanismo que permita administrar\u00a0 un sistema de certificaci\u00f3n de firmas.<\/li><li>Actualizar las normas de auditor\u00eda ya emitidas por el Consejo, en funci\u00f3n a lo establecido en las Normas Internacionales de auditor\u00eda (NIA) emitidas por la International Federation of Accountants (IFAC).<\/li><li>Revisi\u00f3n de las normas vigentes y adaptaci\u00f3n de las mismas a las emitidas por la International Federation of Accountants (IFAC)<\/li><li>Emitir normas de contabilidad locales utilizando como base las normas emitidas por la International Accounting Standard Board (IASB). Deber\u00eda definirse igualmente las normas actualmente aplicadas en el pa\u00eds o \u201cParaguayas\u201d y a partir de ah\u00ed considerarse una adopci\u00f3n progresiva de las normas internacionales que difieren sustancialmente con las locales, definiendo claramente fechas \u201cobligatorias\u201d de adopci\u00f3n con el objetivo de armonizar en el plazo de aproximadamente cinco a\u00f1os las normas locales con las Normas Internacionales de Informaci\u00f3n Financiera.<\/li><li>Iniciar una campa\u00f1a de divulgaci\u00f3n de las normas locales de auditor\u00eda, contabilidad y de \u00e9tica emitidas por el Consejo:<br \/>&#8211; A profesionales contables \u201cen actividad\u201d mediante el desarrollo permanente de cursos de educaci\u00f3n continuada.<br \/>&#8211; En todas las Universidades del pa\u00eds.<br \/>&#8211; Instituciones oficiales de contralor con registros de auditores externos.<br \/>&#8211; Entidades financieras del pa\u00eds (Bancos y financieras)<\/li><li>Lograr que los Contadores P\u00fablicos en sus dict\u00e1menes, cuando hagan referencia a las normas de auditor\u00eda y contables, aclaren que son las emitidas por el Consejo de Contadores P\u00fablicos del Paraguay, que son las \u00fanicas normas emitidas localmente.<\/li><li>Acordar con las Universidades que reconozcan las Normas de Auditor\u00eda, contables y de \u00e9tica emitidas por el Consejo de Contadores P\u00fablicos del Paraguay como las \u00fanicas vigentes en el pa\u00eds, a efectos\u00a0 de unificar criterios en la ense\u00f1anza de las mismas y, al mismo tiempo, contribuir a la\u00a0 armonizaci\u00f3n de la profesi\u00f3n.<\/li><li>Lograr la armonizaci\u00f3n de las normas de auditor\u00eda y contables emitidas por las instituciones oficiales de contralor que mantienen registros de auditores externos (Superintendencia de Bancos y de Seguros, Comisi\u00f3n Nacional de Valores, Instituto Nacional de Cooperativismo, Contralor\u00eda General de la Rep\u00fablica y Sub-Secretaria de Estado de Tributaci\u00f3n), con las normas de auditor\u00eda y contables emitidas por el Consejo de Contadores P\u00fablicos del Paraguay.<\/li><li>Acordar con los Bancos y Financieras del pa\u00eds que reconozcan las Normas de Auditor\u00eda y contables emitidas por el Consejo de Contadores P\u00fablicos del Paraguay como las \u00fanicas vigentes en el pa\u00eds, a efectos\u00a0 de unificar criterios en la informaci\u00f3n que reciben de sus clientes que solicitan l\u00edneas de cr\u00e9ditos y como una alternativa de mayor confianza y recibir informaci\u00f3n contable preparada de manera uniforme.<\/li><li>Lograr de las instituciones oficiales de contralor que est\u00e1n en proceso de emisi\u00f3n de normas profesionales consulten al Consejo antes de la emisi\u00f3n definitiva de las mismas, considerando que las normas emitidas por estos organismos usualmente afecta la actividad de los profesionales contables.<\/li><li>Apoyar el proceso de formalizaci\u00f3n de la econom\u00eda mediante un acercamiento permanente del Consejo con las autoridades del Gobierno y de los organismos empresariales dando a conocer la importancia que tiene la aplicaci\u00f3n de nuestras normas t\u00e9cnicas en la formalizaci\u00f3n de la econom\u00eda.<\/li><li>Emitir el Manual de Auditor\u00eda y Contabilidad como un servicio distintivo a todas las firmas matriculadas al Consejo. El mismo incluir\u00e1 temas de Auditor\u00eda, Contables y Fiscales<\/li><li>Incluir en nuestra p\u00e1gina WEB las normas de auditor\u00eda y de contabilidad emitidas por el Consejo. Inicialmente el acceso ser\u00e1 libre y posteriormente solo para matriculados. Tambien deber\u00eda considerarse la posibilidad de incluir en la WEB el manual de Auditor\u00eda y Contabilidad se\u00f1alado en el anterior punto.<\/li><li>Impulsar activamente actividades de educaci\u00f3n continuada y foros no solo en Asunci\u00f3n sino tambi\u00e9n en todas las sedes regionales. Esta actividad deber\u00eda constituirse en una fuente de ingreso importante para el Consejo.<\/li><li>Mantenernos expectantes de cualquier tema relacionado con proyectos de ley tendientes a lograr la colegiaci\u00f3n obligatoria en el Paraguay y aquellos relacionados con las recomendaciones realizadas por el Banco Mundial en el informe ROSC.<\/li><li>Obtener la membres\u00eda de la International Federation of Accountants (IFAC).<\/li><li>Mantener un dialogo franco con las autoridades del Colegio de Contadores del Paraguay y acordar con los mismos \u201cposiciones t\u00e9cnicas\u201d en caso de discusiones con los organismos de contralor, proyectos de colegiaci\u00f3n. Informe ROSC, etc.<\/li><li>Seguir emitiendo la revista \u201cEl profesional Contable\u201d con una frecuencia trimestral y con una tirada de por lo menos 1.000 ejemplares. Deberiamos asegurar su distribuci\u00f3n.<\/li><li>Tomar posici\u00f3n en defensa de la profesi\u00f3n de una manera m\u00e1s \u201cenergica\u201d y pensando en las necesidades de todos los matriculados y no matriculados.<\/li><li>Considerar la necesidad de armar equipos en las distintas direcciones del Consejo Directivo como una forma de ir formando sucesores, considerando que los estatutos establecen una rotaci\u00f3n obligatoria de cuatro a\u00f1os.<\/li><li>Toda la relaci\u00f3n con la AIC estar\u00e1 liderada por \u00c1ngel Devaca P. (ExPresidente del Consejo), con el acuerdo de la Direcci\u00f3n Ejecutiva y la aprobaci\u00f3n final del Consejo Directivo.<\/li><li>Desarrollar actividades tendientes a lograr beneficios a los matriculados tales como: Seguro m\u00e9dico; Seguro de Retiro, Servicios tur\u00edsticos y otros.<\/li><\/ul>\t\t\t\t\t\t<\/div>\n\t\t\t\t<\/div>\n\t\t\t\t\t<\/div>\n\t\t<\/div>\n\t\t\t\t\t\t\t<\/div>\n\t\t<\/section>\n\t\t\t\t\t\t<\/div>\n\t\t\t\t\t<\/div>\n\t\t","protected":false},"excerpt":{"rendered":"<p>PLAN ESTRAT\u00c9GICO A\u00d1OS 2007 &#8211; 2011 \u00a0 Objetivos para el corto y mediano plazo Instrumentar un sistema que permita un [&hellip;]<\/p>\n","protected":false},"author":1,"featured_media":0,"parent":0,"menu_order":0,"comment_status":"closed","ping_status":"closed","template":"","meta":{"footnotes":""},"class_list":["post-235","page","type-page","status-publish","hentry"],"_links":{"self":[{"href":"https:\/\/geeklabpy.com\/consejo\/wp-json\/wp\/v2\/pages\/235","targetHints":{"allow":["GET"]}}],"collection":[{"href":"https:\/\/geeklabpy.com\/consejo\/wp-json\/wp\/v2\/pages"}],"about":[{"href":"https:\/\/geeklabpy.com\/consejo\/wp-json\/wp\/v2\/types\/page"}],"author":[{"embeddable":true,"href":"https:\/\/geeklabpy.com\/consejo\/wp-json\/wp\/v2\/users\/1"}],"replies":[{"embeddable":true,"href":"https:\/\/geeklabpy.com\/consejo\/wp-json\/wp\/v2\/comments?post=235"}],"version-history":[{"count":7,"href":"https:\/\/geeklabpy.com\/consejo\/wp-json\/wp\/v2\/pages\/235\/revisions"}],"predecessor-version":[{"id":433,"href":"https:\/\/geeklabpy.com\/consejo\/wp-json\/wp\/v2\/pages\/235\/revisions\/433"}],"wp:attachment":[{"href":"https:\/\/geeklabpy.com\/consejo\/wp-json\/wp\/v2\/media?parent=235"}],"curies":[{"name":"wp","href":"https:\/\/api.w.org\/{rel}","templated":true}]}}