{"id":496,"date":"2021-05-22T16:49:56","date_gmt":"2021-05-22T16:49:56","guid":{"rendered":"https:\/\/geeklabpy.com\/consejo\/?page_id=496"},"modified":"2021-08-02T19:50:47","modified_gmt":"2021-08-02T19:50:47","slug":"matriculate-aqui","status":"publish","type":"page","link":"https:\/\/geeklabpy.com\/consejo\/matriculate-aqui\/","title":{"rendered":"Matric\u00falate aqu\u00ed"},"content":{"rendered":"\t\t<div data-elementor-type=\"wp-page\" data-elementor-id=\"496\" class=\"elementor elementor-496\" data-elementor-settings=\"[]\">\n\t\t\t\t\t\t\t<div class=\"elementor-section-wrap\">\n\t\t\t\t\t\t\t<section class=\"has_eae_slider elementor-section elementor-top-section elementor-element elementor-element-2f71c4d elementor-section-boxed elementor-section-height-default elementor-section-height-default\" data-id=\"2f71c4d\" data-element_type=\"section\">\n\t\t\t\t\t\t<div class=\"elementor-container elementor-column-gap-default\">\n\t\t\t\t\t<div class=\"has_eae_slider elementor-column elementor-col-50 elementor-top-column elementor-element elementor-element-4726855\" data-id=\"4726855\" data-element_type=\"column\">\n\t\t\t<div class=\"elementor-widget-wrap elementor-element-populated\">\n\t\t\t\t\t\t\t\t<div class=\"elementor-element elementor-element-c71f80f elementor-tabs-view-horizontal elementor-widget elementor-widget-tabs\" data-id=\"c71f80f\" data-element_type=\"widget\" data-widget_type=\"tabs.default\">\n\t\t\t\t<div class=\"elementor-widget-container\">\n\t\t\t\t\t<div class=\"elementor-tabs\">\n\t\t\t<div class=\"elementor-tabs-wrapper\" role=\"tablist\" >\n\t\t\t\t\t\t\t\t\t<div id=\"elementor-tab-title-2081\" class=\"elementor-tab-title elementor-tab-desktop-title\" aria-selected=\"true\" data-tab=\"1\" role=\"tab\" tabindex=\"0\" aria-controls=\"elementor-tab-content-2081\" aria-expanded=\"false\">Persona F\u00edsica<\/div>\n\t\t\t\t\t\t\t\t\t<div id=\"elementor-tab-title-2082\" class=\"elementor-tab-title elementor-tab-desktop-title\" aria-selected=\"false\" data-tab=\"2\" role=\"tab\" tabindex=\"-1\" aria-controls=\"elementor-tab-content-2082\" aria-expanded=\"false\">Persona Jur\u00eddica<\/div>\n\t\t\t\t\t\t\t\t\t<div id=\"elementor-tab-title-2083\" class=\"elementor-tab-title elementor-tab-desktop-title\" aria-selected=\"false\" data-tab=\"3\" role=\"tab\" tabindex=\"-1\" aria-controls=\"elementor-tab-content-2083\" aria-expanded=\"false\">Adherente<\/div>\n\t\t\t\t\t\t\t<\/div>\n\t\t\t<div class=\"elementor-tabs-content-wrapper\" role=\"tablist\" aria-orientation=\"vertical\">\n\t\t\t\t\t\t\t\t\t<div class=\"elementor-tab-title elementor-tab-mobile-title\" aria-selected=\"true\" data-tab=\"1\" role=\"tab\" tabindex=\"0\" aria-controls=\"elementor-tab-content-2081\" aria-expanded=\"false\">Persona F\u00edsica<\/div>\n\t\t\t\t\t<div id=\"elementor-tab-content-2081\" class=\"elementor-tab-content elementor-clearfix\" data-tab=\"1\" role=\"tabpanel\" aria-labelledby=\"elementor-tab-title-2081\" tabindex=\"0\" hidden=\"false\"><pre><b>Persona F\u00edsica (Contadores Egresados):<\/b>\n\n\u00b7  Control de Requisitos<br \/><b>   (<a href=\"https:\/\/geeklabpy.com\/consejo\/wp-content\/uploads\/2021\/07\/Requisitos-Personas.pdf\"><u>DESCARGAR<\/u><\/a>)<\/b>\n\u00b7  Solicitud de Matr\u00edcula<br \/><b>   (<a href=\"https:\/\/geeklabpy.com\/consejo\/wp-content\/uploads\/2021\/07\/SOLICITUD-DE-MATRICULA.pdf\"><u>DESCARGAR<\/u><\/a>)<\/b>\n\u00b7  DDJJ de no poseer Antecedentes Judiciales \n<b>   <u>(<a href=\"https:\/\/geeklabpy.com\/consejo\/wp-content\/uploads\/2021\/07\/DD-JJ-Nuevos-Mat.pdf\">DESCARGAR<\/a>)<\/u><\/b><\/pre><p><div role=\"form\" class=\"wpcf7\" id=\"wpcf7-f898-o1\" lang=\"es-ES\" dir=\"ltr\">\n<div class=\"screen-reader-response\"><p role=\"status\" aria-live=\"polite\" aria-atomic=\"true\"><\/p> <ul><\/ul><\/div>\n<form action=\"\/consejo\/wp-json\/wp\/v2\/pages\/496#wpcf7-f898-o1\" method=\"post\" class=\"wpcf7-form init\" novalidate=\"novalidate\" data-status=\"init\">\n<div style=\"display: none;\">\n<input type=\"hidden\" name=\"_wpcf7\" value=\"898\" \/>\n<input type=\"hidden\" name=\"_wpcf7_version\" value=\"5.4.2\" \/>\n<input type=\"hidden\" name=\"_wpcf7_locale\" value=\"es_ES\" \/>\n<input type=\"hidden\" name=\"_wpcf7_unit_tag\" value=\"wpcf7-f898-o1\" \/>\n<input type=\"hidden\" name=\"_wpcf7_container_post\" value=\"0\" \/>\n<input type=\"hidden\" name=\"_wpcf7_posted_data_hash\" value=\"\" \/>\n<input type=\"hidden\" name=\"_wpcf7_recaptcha_response\" value=\"\" \/>\n<\/div>\n<p><label> Tu correo electr\u00f3nico<br \/>\n    <span class=\"wpcf7-form-control-wrap your-email\"><input type=\"email\" name=\"your-email\" value=\"\" size=\"40\" class=\"wpcf7-form-control wpcf7-text wpcf7-email wpcf7-validates-as-required wpcf7-validates-as-email\" aria-required=\"true\" aria-invalid=\"false\" \/><\/span> <\/label><\/p>\n<p><span class=\"wpcf7-form-control-wrap radio-174\"><span class=\"wpcf7-form-control wpcf7-radio\"><span class=\"wpcf7-list-item first\"><label><input type=\"radio\" name=\"radio-174\" value=\"Categor\u00eda A\" checked=\"checked\" \/><span class=\"wpcf7-list-item-label\">Categor\u00eda A<\/span><\/label><\/span><span class=\"wpcf7-list-item\"><label><input type=\"radio\" name=\"radio-174\" value=\"Categor\u00eda B\" \/><span class=\"wpcf7-list-item-label\">Categor\u00eda B<\/span><\/label><\/span><span class=\"wpcf7-list-item last\"><label><input type=\"radio\" name=\"radio-174\" value=\"Categor\u00eda C\" \/><span class=\"wpcf7-list-item-label\">Categor\u00eda C<\/span><\/label><\/span><\/span><\/span><\/p>\n<p><span class=\"wpcf7-form-control-wrap upload-file-106\"><input type=\"file\" size=\"40\" class=\"wpcf7-form-control wpcf7-drag-n-drop-file d-none\" aria-required=\"true\" aria-invalid=\"false\" multiple=\"multiple\" data-name=\"upload-file-106\" data-type=\".pdf|.zip|.rar\" data-max=\"20\" data-id=\"898\" accept=\"..pdf, ..zip, ..rar\" \/><\/span><\/p>\n<p><input type=\"submit\" value=\"Enviar\" class=\"wpcf7-form-control wpcf7-submit\" \/><\/p>\n<div class=\"wpcf7-response-output\" aria-hidden=\"true\"><\/div><\/form><\/div><\/p><\/div>\n\t\t\t\t\t\t\t\t\t<div class=\"elementor-tab-title elementor-tab-mobile-title\" aria-selected=\"false\" data-tab=\"2\" role=\"tab\" tabindex=\"-1\" aria-controls=\"elementor-tab-content-2082\" aria-expanded=\"false\">Persona Jur\u00eddica<\/div>\n\t\t\t\t\t<div id=\"elementor-tab-content-2082\" class=\"elementor-tab-content elementor-clearfix\" data-tab=\"2\" role=\"tabpanel\" aria-labelledby=\"elementor-tab-title-2082\" tabindex=\"0\" hidden=\"hidden\"><pre><b>Persona Jur\u00eddica (Firmas):<\/b>\n\n\u00b7  Control de Requisitos<br \/><b>   (<a href=\"https:\/\/geeklabpy.com\/consejo\/wp-content\/uploads\/2021\/07\/Requisitos-FIRMAS.pdf\"><u>DESCARGAR<\/u><\/a>)<\/b>\n\u00b7  DDJJ de no poseer Antecedentes Judiciales \n<b>   <u>(<a href=\"https:\/\/geeklabpy.com\/consejo\/wp-content\/uploads\/2021\/07\/DD-JJ-NUEVAS-FIRMAS.pdf\">DESCARGAR<\/a>)<\/u><\/b><\/pre><p><div role=\"form\" class=\"wpcf7\" id=\"wpcf7-f906-o2\" lang=\"es-ES\" dir=\"ltr\">\n<div class=\"screen-reader-response\"><p role=\"status\" aria-live=\"polite\" aria-atomic=\"true\"><\/p> <ul><\/ul><\/div>\n<form action=\"\/consejo\/wp-json\/wp\/v2\/pages\/496#wpcf7-f906-o2\" method=\"post\" class=\"wpcf7-form init\" novalidate=\"novalidate\" data-status=\"init\">\n<div style=\"display: none;\">\n<input type=\"hidden\" name=\"_wpcf7\" value=\"906\" \/>\n<input type=\"hidden\" name=\"_wpcf7_version\" value=\"5.4.2\" \/>\n<input type=\"hidden\" name=\"_wpcf7_locale\" value=\"es_ES\" \/>\n<input type=\"hidden\" name=\"_wpcf7_unit_tag\" value=\"wpcf7-f906-o2\" \/>\n<input type=\"hidden\" name=\"_wpcf7_container_post\" value=\"0\" \/>\n<input type=\"hidden\" name=\"_wpcf7_posted_data_hash\" value=\"\" \/>\n<input type=\"hidden\" name=\"_wpcf7_recaptcha_response\" value=\"\" \/>\n<\/div>\n<p><label> Tu correo electr\u00f3nico<br \/>\n    <span class=\"wpcf7-form-control-wrap your-email\"><input type=\"email\" name=\"your-email\" value=\"\" size=\"40\" class=\"wpcf7-form-control wpcf7-text wpcf7-email wpcf7-validates-as-required wpcf7-validates-as-email\" aria-required=\"true\" aria-invalid=\"false\" \/><\/span> <\/label><\/p>\n<p><span class=\"wpcf7-form-control-wrap radio-174\"><span class=\"wpcf7-form-control wpcf7-radio\"><span class=\"wpcf7-list-item first\"><label><input type=\"radio\" name=\"radio-174\" value=\"Auditores Locales\" checked=\"checked\" \/><span class=\"wpcf7-list-item-label\">Auditores Locales<\/span><\/label><\/span><span class=\"wpcf7-list-item\"><label><input type=\"radio\" name=\"radio-174\" value=\"Auditores Internacionales\" \/><span class=\"wpcf7-list-item-label\">Auditores Internacionales<\/span><\/label><\/span><span class=\"wpcf7-list-item\"><label><input type=\"radio\" name=\"radio-174\" value=\"Auditores con Representaci\u00f3n Intl.\" \/><span class=\"wpcf7-list-item-label\">Auditores con Representaci\u00f3n Intl.<\/span><\/label><\/span><span class=\"wpcf7-list-item last\"><label><input type=\"radio\" name=\"radio-174\" value=\"Contadores No Auditores\" \/><span class=\"wpcf7-list-item-label\">Contadores No Auditores<\/span><\/label><\/span><\/span><\/span><\/p>\n<p><span class=\"wpcf7-form-control-wrap upload-file-106\"><input type=\"file\" size=\"40\" class=\"wpcf7-form-control wpcf7-drag-n-drop-file d-none\" aria-required=\"true\" aria-invalid=\"false\" multiple=\"multiple\" data-name=\"upload-file-106\" data-type=\".pdf|.zip|.rar\" data-max=\"20\" data-id=\"906\" accept=\"..pdf, ..zip, ..rar\" \/><\/span><\/p>\n<p><input type=\"submit\" value=\"Enviar\" class=\"wpcf7-form-control wpcf7-submit\" \/><\/p>\n<div class=\"wpcf7-response-output\" aria-hidden=\"true\"><\/div><\/form><\/div><\/p><\/div>\n\t\t\t\t\t\t\t\t\t<div class=\"elementor-tab-title elementor-tab-mobile-title\" aria-selected=\"false\" data-tab=\"3\" role=\"tab\" tabindex=\"-1\" aria-controls=\"elementor-tab-content-2083\" aria-expanded=\"false\">Adherente<\/div>\n\t\t\t\t\t<div id=\"elementor-tab-content-2083\" class=\"elementor-tab-content elementor-clearfix\" data-tab=\"3\" role=\"tabpanel\" aria-labelledby=\"elementor-tab-title-2083\" tabindex=\"0\" hidden=\"hidden\"><pre><b>Adherente (Profesionales no contadores <br \/>y\/o estudiantes de grado):<\/b>\n\n\u00b7  Control de Requisitos<br \/><b>   (<a href=\"https:\/\/geeklabpy.com\/consejo\/wp-content\/uploads\/2021\/07\/Requisitos-SOCIOS-ADHERENTES.pdf\"><u>DESCARGAR<\/u><\/a>)<\/b>\n\u00b7  Solicitud de Ahderencia<br \/><b>   (<a href=\"https:\/\/geeklabpy.com\/consejo\/wp-content\/uploads\/2021\/07\/SOLICITUD-DE-SOCIO-ADHERENTE.pdf\"><u>DESCARGAR<\/u><\/a>)<\/b>\n\u00b7  DDJJ de no poseer Antecedentes Judiciales \n<b>   <u>(<a href=\"https:\/\/geeklabpy.com\/consejo\/wp-content\/uploads\/2021\/07\/DD-JJ-Inscripcion-y-Renovacion-Adherente.pdf\">DESCARGAR<\/a>)<\/u><\/b><\/pre><p><div role=\"form\" class=\"wpcf7\" id=\"wpcf7-f917-o3\" lang=\"es-ES\" dir=\"ltr\">\n<div class=\"screen-reader-response\"><p role=\"status\" aria-live=\"polite\" aria-atomic=\"true\"><\/p> <ul><\/ul><\/div>\n<form action=\"\/consejo\/wp-json\/wp\/v2\/pages\/496#wpcf7-f917-o3\" method=\"post\" class=\"wpcf7-form init\" novalidate=\"novalidate\" data-status=\"init\">\n<div style=\"display: none;\">\n<input type=\"hidden\" name=\"_wpcf7\" value=\"917\" \/>\n<input type=\"hidden\" name=\"_wpcf7_version\" value=\"5.4.2\" \/>\n<input type=\"hidden\" name=\"_wpcf7_locale\" value=\"es_ES\" \/>\n<input type=\"hidden\" name=\"_wpcf7_unit_tag\" value=\"wpcf7-f917-o3\" \/>\n<input type=\"hidden\" name=\"_wpcf7_container_post\" value=\"0\" \/>\n<input type=\"hidden\" name=\"_wpcf7_posted_data_hash\" value=\"\" \/>\n<input type=\"hidden\" name=\"_wpcf7_recaptcha_response\" value=\"\" \/>\n<\/div>\n<p><label> Tu correo electr\u00f3nico<br \/>\n    <span class=\"wpcf7-form-control-wrap your-email\"><input type=\"email\" name=\"your-email\" value=\"\" size=\"40\" class=\"wpcf7-form-control wpcf7-text wpcf7-email wpcf7-validates-as-required wpcf7-validates-as-email\" aria-required=\"true\" aria-invalid=\"false\" \/><\/span> <\/label><\/p>\n<p><span class=\"wpcf7-form-control-wrap upload-file-106\"><input type=\"file\" size=\"40\" class=\"wpcf7-form-control wpcf7-drag-n-drop-file d-none\" aria-required=\"true\" aria-invalid=\"false\" multiple=\"multiple\" data-name=\"upload-file-106\" data-type=\".pdf|.zip|.rar\" data-max=\"20\" data-id=\"917\" accept=\"..pdf, ..zip, ..rar\" \/><\/span><\/p>\n<p><input type=\"submit\" value=\"Enviar\" class=\"wpcf7-form-control wpcf7-submit\" \/><\/p>\n<div class=\"wpcf7-response-output\" aria-hidden=\"true\"><\/div><\/form><\/div><\/p><\/div>\n\t\t\t\t\t\t\t<\/div>\n\t\t<\/div>\n\t\t\t\t<\/div>\n\t\t\t\t<\/div>\n\t\t\t\t\t<\/div>\n\t\t<\/div>\n\t\t\t\t<div class=\"has_eae_slider elementor-column elementor-col-50 elementor-top-column elementor-element elementor-element-c3bd95c\" data-id=\"c3bd95c\" data-element_type=\"column\">\n\t\t\t<div class=\"elementor-widget-wrap elementor-element-populated\">\n\t\t\t\t\t\t\t\t<div class=\"elementor-element elementor-element-a6bdea1 elementor-widget elementor-widget-text-editor\" data-id=\"a6bdea1\" data-element_type=\"widget\" data-widget_type=\"text-editor.default\">\n\t\t\t\t<div class=\"elementor-widget-container\">\n\t\t\t\t\t\t\t<h6><strong>Instrucciones:<\/strong><\/h6><div><strong>\u00a0<\/strong><\/div><p>1. Descarga los documentos para matriculaci\u00f3n, seg\u00fan tipo de matr\u00edcula.<br \/>2. Imprime, completa y escanea los formularios.<br \/>3. Ingresa tu correo electr\u00f3nico.<br \/>4. Verifica que los formularios est\u00e9n correctos y marca las opciones que representan tu proceso de matriculaci\u00f3n.<br \/>5. Adjunta los formularios y documentos completos en la casilla.<\/p>\t\t\t\t\t\t<\/div>\n\t\t\t\t<\/div>\n\t\t\t\t<div class=\"elementor-element elementor-element-d28aeab elementor-widget elementor-widget-image\" data-id=\"d28aeab\" data-element_type=\"widget\" data-widget_type=\"image.default\">\n\t\t\t\t<div class=\"elementor-widget-container\">\n\t\t\t\t\t\t\t\t\t\t\t\t\t\t\t<img loading=\"lazy\" decoding=\"async\" width=\"780\" height=\"596\" src=\"https:\/\/geeklabpy.com\/consejo\/wp-content\/uploads\/2021\/08\/precios-1024x783.jpg\" class=\"attachment-large size-large\" alt=\"\" srcset=\"https:\/\/geeklabpy.com\/consejo\/wp-content\/uploads\/2021\/08\/precios-1024x783.jpg 1024w, https:\/\/geeklabpy.com\/consejo\/wp-content\/uploads\/2021\/08\/precios-300x229.jpg 300w, https:\/\/geeklabpy.com\/consejo\/wp-content\/uploads\/2021\/08\/precios-768x587.jpg 768w, https:\/\/geeklabpy.com\/consejo\/wp-content\/uploads\/2021\/08\/precios.jpg 1080w\" sizes=\"auto, (max-width: 780px) 100vw, 780px\" \/>\t\t\t\t\t\t\t\t\t\t\t\t\t\t\t<\/div>\n\t\t\t\t<\/div>\n\t\t\t\t\t<\/div>\n\t\t<\/div>\n\t\t\t\t\t\t\t<\/div>\n\t\t<\/section>\n\t\t\t\t\t\t<\/div>\n\t\t\t\t\t<\/div>\n\t\t","protected":false},"excerpt":{"rendered":"<p>Persona F\u00edsica Persona Jur\u00eddica Adherente Persona F\u00edsica Persona F\u00edsica (Contadores Egresados): \u00b7 Control de Requisitos (DESCARGAR) \u00b7 Solicitud de Matr\u00edcula [&hellip;]<\/p>\n","protected":false},"author":1,"featured_media":0,"parent":0,"menu_order":0,"comment_status":"closed","ping_status":"closed","template":"","meta":{"footnotes":""},"class_list":["post-496","page","type-page","status-publish","hentry"],"_links":{"self":[{"href":"https:\/\/geeklabpy.com\/consejo\/wp-json\/wp\/v2\/pages\/496","targetHints":{"allow":["GET"]}}],"collection":[{"href":"https:\/\/geeklabpy.com\/consejo\/wp-json\/wp\/v2\/pages"}],"about":[{"href":"https:\/\/geeklabpy.com\/consejo\/wp-json\/wp\/v2\/types\/page"}],"author":[{"embeddable":true,"href":"https:\/\/geeklabpy.com\/consejo\/wp-json\/wp\/v2\/users\/1"}],"replies":[{"embeddable":true,"href":"https:\/\/geeklabpy.com\/consejo\/wp-json\/wp\/v2\/comments?post=496"}],"version-history":[{"count":67,"href":"https:\/\/geeklabpy.com\/consejo\/wp-json\/wp\/v2\/pages\/496\/revisions"}],"predecessor-version":[{"id":1073,"href":"https:\/\/geeklabpy.com\/consejo\/wp-json\/wp\/v2\/pages\/496\/revisions\/1073"}],"wp:attachment":[{"href":"https:\/\/geeklabpy.com\/consejo\/wp-json\/wp\/v2\/media?parent=496"}],"curies":[{"name":"wp","href":"https:\/\/api.w.org\/{rel}","templated":true}]}}